{"id":98,"date":"2020-11-11T18:06:50","date_gmt":"2020-11-11T17:06:50","guid":{"rendered":"https:\/\/www.fischereiverein-hallein.at\/www.fischereiverein-hallein.at\/?page_id=98"},"modified":"2024-02-15T17:02:53","modified_gmt":"2024-02-15T16:02:53","slug":"mitglied-werden","status":"publish","type":"page","link":"https:\/\/www.fischereiverein-hallein.at\/www.fischereiverein-hallein.at\/mitglied-werden\/","title":{"rendered":"Mitglied werden"},"content":{"rendered":"\n<p>Auszug aus den Statuten des FVH:<\/p>\n\n\n\n<ul class=\"wp-block-list\">\n<li><em>Ordentliche Mitglieder k\u00f6nnen physische Personen werden, die weder&nbsp;gegen fischereirechtliche oder vereinsinterne Bestimmungen versto\u00dfen haben, noch wegen einschl\u00e4giger strafrechtlicher Tatbest\u00e4nde rechtskr\u00e4ftig verurteilt worden sind. Sie&nbsp;&nbsp;m\u00fcssen entweder die Fischerpr\u00fcfung des Landesfischereiverbandes Salzburg abgelegt haben oder es muss dieselbe vom Landesfischereiverband anerkannt werden.<\/em><\/li>\n\n\n\n<li><em>Au\u00dferordentliche Mitglieder k\u00f6nnen physische oder juristische Personen werden, die den Verein unterst\u00fctzen oder f\u00f6rdern wollen<\/em>.<\/li>\n\n\n\n<li><em>\u00dcber die Aufnahme von ordentlichen und au\u00dferordentlichen Mitgliedern entscheidet der Vorstand nach einem schriftlichen Ansuchen des Aufnahmewerbers. Auf die Aufnahme besteht kein Rechtsanspruch und sie kann ohne Angabe von Gr\u00fcnden verweigert werden. Eine Berufung gegen die Ablehnung ist nicht zul\u00e4ssig.<\/em><\/li>\n<\/ul>\n\n\n\n<p>Vorstand und Beirat tagen in regelm\u00e4\u00dfigen Terminen und fassen dabei u. a. Beschluss \u00fcber vorliegende Aufnahmeantr\u00e4ge. Einen Aufnahmeantrag k\u00f6nnen Sie hier downloaden. Sie werden per mail oder telefonisch von der Aufnahme verst\u00e4ndigt.<\/p>\n\n\n\n<p>Der Mitgliedsbeitrag f\u00fcr ordentliche Mitglieder betr\u00e4gt 40,00 Euro pro Jahr. Wenn Sie den Folgebeitrag per Bankeinzug (jeweils in der ersten J\u00e4nnerwoche) begleichen, dann erm\u00e4\u00dfigt sich der Beitrag auf 30,00 Euro pro Jahr.<br><br>Auf der <a href=\"https:\/\/www.fischereiverein-hallein.at\/www.fischereiverein-hallein.at\/downloads\/\" data-type=\"URL\" data-id=\"https:\/\/www.fischereiverein-hallein.at\/www.fischereiverein-hallein.at\/downloads\/\">Downloadseite<\/a> finden Sie eine Preisinformation und einen Aufnahmeantrag.<\/p>\n","protected":false},"excerpt":{"rendered":"<p>Auszug aus den Statuten des FVH: Vorstand und Beirat tagen in regelm\u00e4\u00dfigen Terminen und fassen dabei u. a. Beschluss \u00fcber vorliegende Aufnahmeantr\u00e4ge. Einen Aufnahmeantrag k\u00f6nnen Sie hier downloaden. Sie werden per mail oder telefonisch von der Aufnahme verst\u00e4ndigt. Der Mitgliedsbeitrag<\/p>\n","protected":false},"author":2,"featured_media":0,"parent":0,"menu_order":0,"comment_status":"closed","ping_status":"closed","template":"","meta":{"footnotes":""},"class_list":["post-98","page","type-page","status-publish","hentry"],"_links":{"self":[{"href":"https:\/\/www.fischereiverein-hallein.at\/www.fischereiverein-hallein.at\/wp-json\/wp\/v2\/pages\/98","targetHints":{"allow":["GET"]}}],"collection":[{"href":"https:\/\/www.fischereiverein-hallein.at\/www.fischereiverein-hallein.at\/wp-json\/wp\/v2\/pages"}],"about":[{"href":"https:\/\/www.fischereiverein-hallein.at\/www.fischereiverein-hallein.at\/wp-json\/wp\/v2\/types\/page"}],"author":[{"embeddable":true,"href":"https:\/\/www.fischereiverein-hallein.at\/www.fischereiverein-hallein.at\/wp-json\/wp\/v2\/users\/2"}],"replies":[{"embeddable":true,"href":"https:\/\/www.fischereiverein-hallein.at\/www.fischereiverein-hallein.at\/wp-json\/wp\/v2\/comments?post=98"}],"version-history":[{"count":14,"href":"https:\/\/www.fischereiverein-hallein.at\/www.fischereiverein-hallein.at\/wp-json\/wp\/v2\/pages\/98\/revisions"}],"predecessor-version":[{"id":1279,"href":"https:\/\/www.fischereiverein-hallein.at\/www.fischereiverein-hallein.at\/wp-json\/wp\/v2\/pages\/98\/revisions\/1279"}],"wp:attachment":[{"href":"https:\/\/www.fischereiverein-hallein.at\/www.fischereiverein-hallein.at\/wp-json\/wp\/v2\/media?parent=98"}],"curies":[{"name":"wp","href":"https:\/\/api.w.org\/{rel}","templated":true}]}}