{"id":95,"date":"2020-11-11T18:06:50","date_gmt":"2020-11-11T17:06:50","guid":{"rendered":"https:\/\/www.fischereiverein-hallein.at\/www.fischereiverein-hallein.at\/?page_id=95"},"modified":"2025-12-30T14:13:51","modified_gmt":"2025-12-30T13:13:51","slug":"termine","status":"publish","type":"page","link":"https:\/\/www.fischereiverein-hallein.at\/www.fischereiverein-hallein.at\/termine\/","title":{"rendered":"Termine"},"content":{"rendered":"\n<p><\/p>\n\n\n\n<p class=\"has-luminous-vivid-amber-color has-text-color has-link-color wp-elements-e8822b54738839d729944e7764885a6d\">Anfang J\u00e4nner 2026: Bankeinzug der Mitgliedsbeitr\u00e4ge<\/p>\n\n\n\n<p class=\"has-vivid-red-color has-text-color has-link-color wp-elements-4cd96edc31c99b29d41b4a323731d97c\">Freitag, 9. J\u00e4nner 2026 Abgabeschluss f\u00fcr die Fangmeldung 2025 und Jahreskarten-Bestellung 2026<\/p>\n\n\n\n<p class=\"has-vivid-red-color has-text-color has-link-color wp-elements-a6c0c5cf33cb1c379e0e5405b94988a5\">Freitag, 20. Februar 2026 von 17:00 bis 20:00 Uhr Ausgabe Jahreskarten im Vereinsheim<\/p>\n\n\n\n<p class=\"has-vivid-red-color has-text-color has-link-color wp-elements-9397dc321600d6a9326f101b9cc51b7c\">Samstag, 21. Februar 2026 von 9:00 bis 12:00 Uhr Ausgabe Jahreskarten im Vereinsheim<\/p>\n\n\n\n<p class=\"has-vivid-red-color has-text-color has-link-color wp-elements-3384eb29c3457cc8270ccd86b3cba1de\">Mittwoch, 25. Februar 2026 von 17:00 bis 20:00 Uhr Ausgabe Jahreskarten im Vereinsheim<\/p>\n\n\n\n<p class=\"has-vivid-red-color has-text-color has-link-color wp-elements-53907b36aa2b5f70ae14d4d67124b7ad\">Samstag, 28. Februar 2026 von 9:00 bis 12:00 Uhr Ausgabe Jahreskarten im Vereinsheim<\/p>\n\n\n\n<p class=\"has-luminous-vivid-amber-color has-text-color has-link-color wp-elements-cff47cecd76d3c782a079013a519ca20\">Freitag, 6. M\u00e4rz 2026 19:00 Uhr; Hofbr\u00e4u Kaltenhausen &#8211; Bezirksfischertag Tennengau<\/p>\n\n\n\n<p><\/p>\n\n\n\n<p class=\"has-vivid-green-cyan-color has-text-color has-link-color wp-elements-e0c70f6a7764a3dfb9f26be1a42b6cfc\">Jungfischerkurs 2026 (Info, Details, Anmeldung folgen) &#8211; Veranstalter Bezirksfischerrat<\/p>\n\n\n\n<p class=\"has-vivid-green-cyan-color has-text-color has-link-color wp-elements-46c4c555f409525671a4eec9a91207c8\">Samstag, 18. April 2026 von 8:30 bis 17:00 Uhr; Landesfischereiverband &#8211; Theorie<\/p>\n\n\n\n<p class=\"has-vivid-green-cyan-color has-text-color has-link-color wp-elements-8b901bf08bba46c38afd56d0193735e7\">Samstag, 25. April 2026 von 8:00 bis 16:30Uhr; voraussichlich B\u00fcrgerausee &amp; Alm &#8211; Praxis<\/p>\n\n\n\n<p class=\"has-vivid-green-cyan-color has-text-color has-link-color wp-elements-74e028dde66a36914b748b6849033be8\">Samstag, 9. Mai 2026 von 9:00 bis 12:30 Uhr; Ort noch unbekannt &#8211; Pr\u00fcfung<\/p>\n\n\n\n<p class=\"has-text-align-center\"><nobr><a href=\"https:\/\/www.fischereiverein-hallein.at\/www.fischereiverein-hallein.at\/termine\/?color=fdd700\"><span class=\"event-color\" style=\"background: #fdd700\"><\/span><span style=\"margin: 0px 5px \">Mitglieder<\/span><\/a><\/nobr><nobr><a href=\"https:\/\/www.fischereiverein-hallein.at\/www.fischereiverein-hallein.at\/termine\/?color=e14d43\"><span class=\"event-color\" style=\"background: #e14d43\"><\/span><span style=\"margin: 0px 5px \">Jahreskarteninhaber<\/span><\/a><\/nobr><nobr><a href=\"https:\/\/www.fischereiverein-hallein.at\/www.fischereiverein-hallein.at\/termine\/?color=00a0d2\"><span class=\"event-color\" style=\"background: #00a0d2\"><\/span><span style=\"margin: 0px 5px \">Fischereischutzorgane<\/span><\/a><\/nobr><nobr><a href=\"https:\/\/www.fischereiverein-hallein.at\/www.fischereiverein-hallein.at\/termine\/?color=e14d43\"><span class=\"event-color\" style=\"background: #e14d43\"><\/span><span style=\"margin: 0px 5px \">Fischereischutzorgane<\/span><\/a><\/nobr><nobr><a href=\"https:\/\/www.fischereiverein-hallein.at\/www.fischereiverein-hallein.at\/termine\/?color=ffffff\"><span class=\"event-color\" style=\"background: #ffffff\"><\/span><span style=\"margin: 0px 5px \">Mitglieder<\/span><\/a><\/nobr><nobr><a href=\"https:\/\/www.fischereiverein-hallein.at\/www.fischereiverein-hallein.at\/termine\/?color=ffffff\"><span class=\"event-color\" style=\"background: #ffffff\"><\/span><span style=\"margin: 0px 5px \">Jahreskarteninhaber<\/span><\/a><\/nobr><nobr><a href=\"https:\/\/www.fischereiverein-hallein.at\/www.fischereiverein-hallein.at\/termine\/?color=\"><span class=\"event-color\" style=\"background: #\"><\/span><span style=\"margin: 0px 5px \">Mitglieder<\/span><\/a><\/nobr><nobr><a href=\"https:\/\/www.fischereiverein-hallein.at\/www.fischereiverein-hallein.at\/termine\/\"><span class=\"event-color\"><\/span><span style=\"margin: 0px 5px \"> alle Termine <\/span><\/a><\/nobr><\/p>\n\n\n\n<div class=\"mec-wrap mec-skin-list-container  \" id=\"mec_skin_162\">\n    \n    <div id=\"mec_search_form_162\" class=\"mec-search-form mec-totalcal-box\"><div class=\"mec-dropdown-wrap\" style=\"display: none\"><\/div><div class=\"mec-text-input-search\"><i class=\"mec-sl-magnifier\"><\/i>\n                    <input type=\"search\" value=\"\" id=\"mec_sf_s_162\" placeholder=\"\" \/>\n                <\/div><\/div>\n        <div class=\"mec-skin-list-events-container\" id=\"mec_skin_events_162\">\n        Keine Veranstaltung gefunden!    <\/div>\n        \n        \n<\/div>\n","protected":false},"excerpt":{"rendered":"<p>Anfang J\u00e4nner 2026: Bankeinzug der Mitgliedsbeitr\u00e4ge Freitag, 9. J\u00e4nner 2026 Abgabeschluss f\u00fcr die Fangmeldung 2025 und Jahreskarten-Bestellung 2026 Freitag, 20. Februar 2026 von 17:00 bis 20:00 Uhr Ausgabe Jahreskarten im Vereinsheim Samstag, 21. Februar 2026 von 9:00 bis 12:00 Uhr<\/p>\n","protected":false},"author":2,"featured_media":0,"parent":0,"menu_order":0,"comment_status":"closed","ping_status":"closed","template":"","meta":{"footnotes":""},"class_list":["post-95","page","type-page","status-publish","hentry"],"_links":{"self":[{"href":"https:\/\/www.fischereiverein-hallein.at\/www.fischereiverein-hallein.at\/wp-json\/wp\/v2\/pages\/95","targetHints":{"allow":["GET"]}}],"collection":[{"href":"https:\/\/www.fischereiverein-hallein.at\/www.fischereiverein-hallein.at\/wp-json\/wp\/v2\/pages"}],"about":[{"href":"https:\/\/www.fischereiverein-hallein.at\/www.fischereiverein-hallein.at\/wp-json\/wp\/v2\/types\/page"}],"author":[{"embeddable":true,"href":"https:\/\/www.fischereiverein-hallein.at\/www.fischereiverein-hallein.at\/wp-json\/wp\/v2\/users\/2"}],"replies":[{"embeddable":true,"href":"https:\/\/www.fischereiverein-hallein.at\/www.fischereiverein-hallein.at\/wp-json\/wp\/v2\/comments?post=95"}],"version-history":[{"count":12,"href":"https:\/\/www.fischereiverein-hallein.at\/www.fischereiverein-hallein.at\/wp-json\/wp\/v2\/pages\/95\/revisions"}],"predecessor-version":[{"id":1406,"href":"https:\/\/www.fischereiverein-hallein.at\/www.fischereiverein-hallein.at\/wp-json\/wp\/v2\/pages\/95\/revisions\/1406"}],"wp:attachment":[{"href":"https:\/\/www.fischereiverein-hallein.at\/www.fischereiverein-hallein.at\/wp-json\/wp\/v2\/media?parent=95"}],"curies":[{"name":"wp","href":"https:\/\/api.w.org\/{rel}","templated":true}]}}