{"id":80,"date":"2020-11-11T14:33:02","date_gmt":"2020-11-11T13:33:02","guid":{"rendered":"https:\/\/www.fischereiverein-hallein.at\/www.fischereiverein-hallein.at\/?page_id=80"},"modified":"2020-12-02T19:31:40","modified_gmt":"2020-12-02T18:31:40","slug":"grundsaetze","status":"publish","type":"page","link":"https:\/\/www.fischereiverein-hallein.at\/www.fischereiverein-hallein.at\/grundsaetze\/","title":{"rendered":"Grunds\u00e4tze"},"content":{"rendered":"\n<p>Als gemeinn\u00fctziger Verein k\u00fcmmern wir uns vor allem um die Pflege, Erhaltung und Wiederherstellung eines gew\u00e4ssertypischen, artenreichen und gesunden Bestandes an Wassertieren. Den &#8220;Lebensraum Wasser&#8221;  zu erhalten und zu verbessern z\u00e4hlt zu unseren Anliegen und wir werden dies  auch immer wieder bei politischen Entscheidungstr\u00e4gern einfordern.<\/p>\n\n\n\n<p>Weiters bieten wir in den von uns bewirtschafteten Gew\u00e4ssern die M\u00f6glichkeit zur Fischerei. Dies jedoch mit dem Augenmerk auf einen naturnahen Besatz und mit strengen Regeln f\u00fcr fach- und waidgerechtes Fischen.<\/p>\n\n\n\n<p>Alle Personen und Institutionen, die unsere Grunds\u00e4tze teilen sind gerne bei uns im Verein als Mitglieder willkommen, egal ob aktiver Fischer oder F\u00f6rderer. <\/p>\n\n\n\n<p>F\u00fcr junge Leute bieten wir j\u00e4hrlich einen Fischerkurs an, f\u00fcr angehende Fliegenfischer gibt es Wurf- und Fliegen-Bindekurse. Das Vereinsheim steht (nach dem Corona Lockdown) drei mal in der Woche f\u00fcr einen Erfahrungsaustausch zur Verf\u00fcgung.<\/p>\n","protected":false},"excerpt":{"rendered":"<p>Als gemeinn\u00fctziger Verein k\u00fcmmern wir uns vor allem um die Pflege, Erhaltung und Wiederherstellung eines gew\u00e4ssertypischen, artenreichen und gesunden Bestandes an Wassertieren. Den &#8220;Lebensraum Wasser&#8221; zu erhalten und zu verbessern z\u00e4hlt zu unseren Anliegen und wir werden dies auch immer<\/p>\n","protected":false},"author":2,"featured_media":0,"parent":0,"menu_order":0,"comment_status":"closed","ping_status":"closed","template":"","meta":{"footnotes":""},"class_list":["post-80","page","type-page","status-publish","hentry"],"_links":{"self":[{"href":"https:\/\/www.fischereiverein-hallein.at\/www.fischereiverein-hallein.at\/wp-json\/wp\/v2\/pages\/80","targetHints":{"allow":["GET"]}}],"collection":[{"href":"https:\/\/www.fischereiverein-hallein.at\/www.fischereiverein-hallein.at\/wp-json\/wp\/v2\/pages"}],"about":[{"href":"https:\/\/www.fischereiverein-hallein.at\/www.fischereiverein-hallein.at\/wp-json\/wp\/v2\/types\/page"}],"author":[{"embeddable":true,"href":"https:\/\/www.fischereiverein-hallein.at\/www.fischereiverein-hallein.at\/wp-json\/wp\/v2\/users\/2"}],"replies":[{"embeddable":true,"href":"https:\/\/www.fischereiverein-hallein.at\/www.fischereiverein-hallein.at\/wp-json\/wp\/v2\/comments?post=80"}],"version-history":[{"count":4,"href":"https:\/\/www.fischereiverein-hallein.at\/www.fischereiverein-hallein.at\/wp-json\/wp\/v2\/pages\/80\/revisions"}],"predecessor-version":[{"id":703,"href":"https:\/\/www.fischereiverein-hallein.at\/www.fischereiverein-hallein.at\/wp-json\/wp\/v2\/pages\/80\/revisions\/703"}],"wp:attachment":[{"href":"https:\/\/www.fischereiverein-hallein.at\/www.fischereiverein-hallein.at\/wp-json\/wp\/v2\/media?parent=80"}],"curies":[{"name":"wp","href":"https:\/\/api.w.org\/{rel}","templated":true}]}}