{"id":526,"date":"2020-11-26T21:36:32","date_gmt":"2020-11-26T20:36:32","guid":{"rendered":"https:\/\/www.fischereiverein-hallein.at\/www.fischereiverein-hallein.at\/?page_id=526"},"modified":"2020-12-09T14:20:17","modified_gmt":"2020-12-09T13:20:17","slug":"revierbeschreibung-5","status":"publish","type":"page","link":"https:\/\/www.fischereiverein-hallein.at\/www.fischereiverein-hallein.at\/revierbeschreibung-5\/","title":{"rendered":"Revierbeschreibung"},"content":{"rendered":"\n<p class=\"has-normal-font-size\"><strong>Obere Lacke Gamp<\/strong><\/p>\n\n\n\n<p class=\"has-normal-font-size\">Die Obere Lacke Gamp liegt im Bereich des Biotops im Gel\u00e4nde von AustroCell. Die s\u00fcdliche Grenze ist nahe der Schotterstra\u00dfe bei der Absperrung des Gew\u00e4ssereinlaufs. Die n\u00f6rdliche Grenze ist bei der kleinen Holzbr\u00fccke am Gew\u00e4sserauslauf. Die Lacke ist beiderseitig befischbar, auf der rechtsufrigen Seite ist ein Pfad angelegt. Die Zug\u00e4nge erfolgen auf H\u00f6he des Brunnen 4, Richtung M\u00f6nch, davor aber links durch den Auwald oder salzachseitig bei der benannten Schotterstra\u00dfe, kurz nach der Luftmessstation. Die Obere Lacke ist nur zu Fu\u00df oder mit dem Fahrrad erreichbar. Autos k\u00f6nnen vor der Thomas Stangassinger Sportarena oder beim Kreisverkehr Nahe am Ende der Stichstra\u00dfe zur Firma RWS geparkt werden.<\/p>\n\n\n\n<figure class=\"wp-block-image size-large is-style-default\"><img loading=\"lazy\" decoding=\"async\" width=\"820\" height=\"273\" src=\"https:\/\/www.fischereiverein-hallein.at\/www.fischereiverein-hallein.at\/wp-content\/uploads\/2020\/11\/Lacke-Grafik-01.png\" alt=\"\" class=\"wp-image-525\" srcset=\"https:\/\/www.fischereiverein-hallein.at\/www.fischereiverein-hallein.at\/wp-content\/uploads\/2020\/11\/Lacke-Grafik-01.png 820w, https:\/\/www.fischereiverein-hallein.at\/www.fischereiverein-hallein.at\/wp-content\/uploads\/2020\/11\/Lacke-Grafik-01-300x100.png 300w, https:\/\/www.fischereiverein-hallein.at\/www.fischereiverein-hallein.at\/wp-content\/uploads\/2020\/11\/Lacke-Grafik-01-768x256.png 768w\" sizes=\"auto, (max-width: 820px) 100vw, 820px\" \/><\/figure>\n","protected":false},"excerpt":{"rendered":"<p>Obere Lacke Gamp Die Obere Lacke Gamp liegt im Bereich des Biotops im Gel\u00e4nde von AustroCell. Die s\u00fcdliche Grenze ist nahe der Schotterstra\u00dfe bei der Absperrung des Gew\u00e4ssereinlaufs. Die n\u00f6rdliche Grenze ist bei der kleinen Holzbr\u00fccke am Gew\u00e4sserauslauf. Die Lacke<\/p>\n","protected":false},"author":2,"featured_media":0,"parent":0,"menu_order":0,"comment_status":"closed","ping_status":"closed","template":"","meta":{"footnotes":""},"class_list":["post-526","page","type-page","status-publish","hentry"],"_links":{"self":[{"href":"https:\/\/www.fischereiverein-hallein.at\/www.fischereiverein-hallein.at\/wp-json\/wp\/v2\/pages\/526","targetHints":{"allow":["GET"]}}],"collection":[{"href":"https:\/\/www.fischereiverein-hallein.at\/www.fischereiverein-hallein.at\/wp-json\/wp\/v2\/pages"}],"about":[{"href":"https:\/\/www.fischereiverein-hallein.at\/www.fischereiverein-hallein.at\/wp-json\/wp\/v2\/types\/page"}],"author":[{"embeddable":true,"href":"https:\/\/www.fischereiverein-hallein.at\/www.fischereiverein-hallein.at\/wp-json\/wp\/v2\/users\/2"}],"replies":[{"embeddable":true,"href":"https:\/\/www.fischereiverein-hallein.at\/www.fischereiverein-hallein.at\/wp-json\/wp\/v2\/comments?post=526"}],"version-history":[{"count":6,"href":"https:\/\/www.fischereiverein-hallein.at\/www.fischereiverein-hallein.at\/wp-json\/wp\/v2\/pages\/526\/revisions"}],"predecessor-version":[{"id":846,"href":"https:\/\/www.fischereiverein-hallein.at\/www.fischereiverein-hallein.at\/wp-json\/wp\/v2\/pages\/526\/revisions\/846"}],"wp:attachment":[{"href":"https:\/\/www.fischereiverein-hallein.at\/www.fischereiverein-hallein.at\/wp-json\/wp\/v2\/media?parent=526"}],"curies":[{"name":"wp","href":"https:\/\/api.w.org\/{rel}","templated":true}]}}