{"id":512,"date":"2020-11-26T17:42:41","date_gmt":"2020-11-26T16:42:41","guid":{"rendered":"https:\/\/www.fischereiverein-hallein.at\/www.fischereiverein-hallein.at\/?page_id=512"},"modified":"2024-02-18T19:00:22","modified_gmt":"2024-02-18T18:00:22","slug":"revierbeschreibung-4","status":"publish","type":"page","link":"https:\/\/www.fischereiverein-hallein.at\/www.fischereiverein-hallein.at\/revierbeschreibung-4\/","title":{"rendered":"Revierbeschreibung"},"content":{"rendered":"\n<div class=\"wp-block-media-text alignwide is-stacked-on-mobile\"><figure class=\"wp-block-media-text__media\"><img decoding=\"async\" src=\"https:\/\/www.fischereiverein-hallein.at\/www.fischereiverein-hallein.at\/wp-content\/uploads\/2020\/11\/alm-angel-grafik.png\" alt=\"\" class=\"wp-image-560 size-full\"\/><\/figure><div class=\"wp-block-media-text__content\">\n<p class=\"has-normal-font-size\"><strong>Alm Angelrevier (A1):<\/strong><\/p>\n\n\n\n<p class=\"has-normal-font-size\">Das Revier beginnt ab der Staumauer Wiestal, ist aber erst nach der Klamm, auf H\u00f6he des Kraftwerks, befischbar. Die Reviergrenze flu\u00dfabw\u00e4rts ist wie folgt: Beim Hauptarm ist die Grenze der Stau vor der &#8220;Deisl-Wehr. Der &#8220;Deislm\u00fchlbach&#8221; kann bis zur Turbine befischt werden.<br><br>Zum Angelrevier A1 geh\u00f6rt auch der k\u00fcnstlich angelegte Teich Seidenau (auf der Grafik links unten).<br><br>Bitte beachten Sie die ausgewiesenen Parkm\u00f6glichkeiten und respektieren Sie die Rechte der Grundeigent\u00fcmer.<\/p>\n<\/div><\/div>\n","protected":false},"excerpt":{"rendered":"<p>Alm Angelrevier (A1): Das Revier beginnt ab der Staumauer Wiestal, ist aber erst nach der Klamm, auf H\u00f6he des Kraftwerks, befischbar. Die Reviergrenze flu\u00dfabw\u00e4rts ist wie folgt: Beim Hauptarm ist die Grenze der Stau vor der &#8220;Deisl-Wehr. Der &#8220;Deislm\u00fchlbach&#8221; kann<\/p>\n","protected":false},"author":2,"featured_media":0,"parent":0,"menu_order":0,"comment_status":"closed","ping_status":"closed","template":"","meta":{"footnotes":""},"class_list":["post-512","page","type-page","status-publish","hentry"],"_links":{"self":[{"href":"https:\/\/www.fischereiverein-hallein.at\/www.fischereiverein-hallein.at\/wp-json\/wp\/v2\/pages\/512","targetHints":{"allow":["GET"]}}],"collection":[{"href":"https:\/\/www.fischereiverein-hallein.at\/www.fischereiverein-hallein.at\/wp-json\/wp\/v2\/pages"}],"about":[{"href":"https:\/\/www.fischereiverein-hallein.at\/www.fischereiverein-hallein.at\/wp-json\/wp\/v2\/types\/page"}],"author":[{"embeddable":true,"href":"https:\/\/www.fischereiverein-hallein.at\/www.fischereiverein-hallein.at\/wp-json\/wp\/v2\/users\/2"}],"replies":[{"embeddable":true,"href":"https:\/\/www.fischereiverein-hallein.at\/www.fischereiverein-hallein.at\/wp-json\/wp\/v2\/comments?post=512"}],"version-history":[{"count":8,"href":"https:\/\/www.fischereiverein-hallein.at\/www.fischereiverein-hallein.at\/wp-json\/wp\/v2\/pages\/512\/revisions"}],"predecessor-version":[{"id":1311,"href":"https:\/\/www.fischereiverein-hallein.at\/www.fischereiverein-hallein.at\/wp-json\/wp\/v2\/pages\/512\/revisions\/1311"}],"wp:attachment":[{"href":"https:\/\/www.fischereiverein-hallein.at\/www.fischereiverein-hallein.at\/wp-json\/wp\/v2\/media?parent=512"}],"curies":[{"name":"wp","href":"https:\/\/api.w.org\/{rel}","templated":true}]}}