{"id":511,"date":"2020-11-26T17:42:41","date_gmt":"2020-11-26T16:42:41","guid":{"rendered":"https:\/\/www.fischereiverein-hallein.at\/www.fischereiverein-hallein.at\/?page_id=511"},"modified":"2025-06-28T18:03:28","modified_gmt":"2025-06-28T16:03:28","slug":"revierbeschreibung-3","status":"publish","type":"page","link":"https:\/\/www.fischereiverein-hallein.at\/www.fischereiverein-hallein.at\/revierbeschreibung-3\/","title":{"rendered":"Revierbeschreibung"},"content":{"rendered":"\n<div class=\"wp-block-media-text alignwide is-stacked-on-mobile\"><figure class=\"wp-block-media-text__media\"><img loading=\"lazy\" decoding=\"async\" width=\"842\" height=\"596\" src=\"https:\/\/www.fischereiverein-hallein.at\/www.fischereiverein-hallein.at\/wp-content\/uploads\/2020\/12\/alm-fliege-grafik.png\" alt=\"\" class=\"wp-image-693 size-full\" srcset=\"https:\/\/www.fischereiverein-hallein.at\/www.fischereiverein-hallein.at\/wp-content\/uploads\/2020\/12\/alm-fliege-grafik.png 842w, https:\/\/www.fischereiverein-hallein.at\/www.fischereiverein-hallein.at\/wp-content\/uploads\/2020\/12\/alm-fliege-grafik-300x212.png 300w, https:\/\/www.fischereiverein-hallein.at\/www.fischereiverein-hallein.at\/wp-content\/uploads\/2020\/12\/alm-fliege-grafik-768x544.png 768w\" sizes=\"auto, (max-width: 842px) 100vw, 842px\" \/><\/figure><div class=\"wp-block-media-text__content\">\n<p class=\"has-normal-font-size\"><strong>Alm Fliegenrevier (A2,A3):<\/strong><\/p>\n\n\n\n<p>Das Fliegenrevier ist in zwei Teile geteilt. Das Revier A2 beginnt bei der Deislwehr und reicht flu\u00dfabw\u00e4rts bis zur Hammerwehr. Dort beginnt das Revier A3, welches bis zur Neualmerbr\u00fccke bei der BH Hallein reicht. Bitte beachten Sie die unterschiedlichen Bestimmungen in den beiden Revieren.<\/p>\n\n\n\n<p><\/p>\n<\/div><\/div>\n\n\n\n<p class=\"has-white-color has-vivid-red-background-color has-text-color has-background has-link-color wp-elements-3e2153bd73078c461a37ea4ad479c06e\"><strong>28.06.2025: Leider sieht sich der Vorstand des Fischereiverein Hallein mehrheitlich dazu veranlasst mit Wirkung 30.06.2025 s\u00e4mtliche Fischereiaktivit\u00e4ten in den Revieren A2 und A3 (=Fliegenstrecke) vor\u00fcbergehend bis auf weiteres einzustellen! Leider lassen die anhaltend hohen Temperaturen die Wassertemperatur immer weiter steigen so dass wir uns zu dieser Entscheidung gezwungen sahen. Allen Jahreskartenbesitzern wird f\u00fcr die Dauer dieser Sperre das Fischrecht im kompletten Salzachrevier (S1 &amp; S2) des Fischereiverein Hallein einger\u00e4umt. Der Vorstand wird diese Ma\u00dfnahme laufend evaluieren und zeitnah \u00fcber das weitere Vorgehen beraten.<\/strong><\/p>\n","protected":false},"excerpt":{"rendered":"<p>Alm Fliegenrevier (A2,A3): Das Fliegenrevier ist in zwei Teile geteilt. Das Revier A2 beginnt bei der Deislwehr und reicht flu\u00dfabw\u00e4rts bis zur Hammerwehr. Dort beginnt das Revier A3, welches bis zur Neualmerbr\u00fccke bei der BH Hallein reicht. Bitte beachten Sie<\/p>\n","protected":false},"author":2,"featured_media":0,"parent":0,"menu_order":0,"comment_status":"closed","ping_status":"closed","template":"","meta":{"footnotes":""},"class_list":["post-511","page","type-page","status-publish","hentry"],"_links":{"self":[{"href":"https:\/\/www.fischereiverein-hallein.at\/www.fischereiverein-hallein.at\/wp-json\/wp\/v2\/pages\/511","targetHints":{"allow":["GET"]}}],"collection":[{"href":"https:\/\/www.fischereiverein-hallein.at\/www.fischereiverein-hallein.at\/wp-json\/wp\/v2\/pages"}],"about":[{"href":"https:\/\/www.fischereiverein-hallein.at\/www.fischereiverein-hallein.at\/wp-json\/wp\/v2\/types\/page"}],"author":[{"embeddable":true,"href":"https:\/\/www.fischereiverein-hallein.at\/www.fischereiverein-hallein.at\/wp-json\/wp\/v2\/users\/2"}],"replies":[{"embeddable":true,"href":"https:\/\/www.fischereiverein-hallein.at\/www.fischereiverein-hallein.at\/wp-json\/wp\/v2\/comments?post=511"}],"version-history":[{"count":9,"href":"https:\/\/www.fischereiverein-hallein.at\/www.fischereiverein-hallein.at\/wp-json\/wp\/v2\/pages\/511\/revisions"}],"predecessor-version":[{"id":1372,"href":"https:\/\/www.fischereiverein-hallein.at\/www.fischereiverein-hallein.at\/wp-json\/wp\/v2\/pages\/511\/revisions\/1372"}],"wp:attachment":[{"href":"https:\/\/www.fischereiverein-hallein.at\/www.fischereiverein-hallein.at\/wp-json\/wp\/v2\/media?parent=511"}],"curies":[{"name":"wp","href":"https:\/\/api.w.org\/{rel}","templated":true}]}}