{"id":308,"date":"2020-11-14T17:55:11","date_gmt":"2020-11-14T16:55:11","guid":{"rendered":"https:\/\/www.fischereiverein-hallein.at\/www.fischereiverein-hallein.at\/?page_id=308"},"modified":"2020-11-29T16:18:41","modified_gmt":"2020-11-29T15:18:41","slug":"nachricht-an-den-vorstand","status":"publish","type":"page","link":"https:\/\/www.fischereiverein-hallein.at\/www.fischereiverein-hallein.at\/nachricht-an-den-vorstand\/","title":{"rendered":"Nachricht an den Vorstand"},"content":{"rendered":"\n<p>Wir freuen uns \u00fcber ein paar Zeilen von Ihnen. Egal ob positive R\u00fcckmeldung, Kritik oder Vorschl\u00e4ge. Auch wenn Sie Fehler auf unserer Homepage entdecken, bitte teilen Sie uns das mit.<\/p>\n\n\n\n<p>Hier k\u00f6nnen Sie eine <a href=\"mailto:buero@fischereiverein-hallein.at\" data-type=\"mailto\" data-id=\"mailto:buero@fischereiverein-hallein.at\">buero@fischereiverein-hallein.at<\/a> an uns senden. <\/p>\n","protected":false},"excerpt":{"rendered":"<p>Wir freuen uns \u00fcber ein paar Zeilen von Ihnen. Egal ob positive R\u00fcckmeldung, Kritik oder Vorschl\u00e4ge. Auch wenn Sie Fehler auf unserer Homepage entdecken, bitte teilen Sie uns das mit. Hier k\u00f6nnen Sie eine buero@fischereiverein-hallein.at an uns senden.<\/p>\n","protected":false},"author":2,"featured_media":0,"parent":0,"menu_order":0,"comment_status":"closed","ping_status":"closed","template":"","meta":{"footnotes":""},"class_list":["post-308","page","type-page","status-publish","hentry"],"_links":{"self":[{"href":"https:\/\/www.fischereiverein-hallein.at\/www.fischereiverein-hallein.at\/wp-json\/wp\/v2\/pages\/308","targetHints":{"allow":["GET"]}}],"collection":[{"href":"https:\/\/www.fischereiverein-hallein.at\/www.fischereiverein-hallein.at\/wp-json\/wp\/v2\/pages"}],"about":[{"href":"https:\/\/www.fischereiverein-hallein.at\/www.fischereiverein-hallein.at\/wp-json\/wp\/v2\/types\/page"}],"author":[{"embeddable":true,"href":"https:\/\/www.fischereiverein-hallein.at\/www.fischereiverein-hallein.at\/wp-json\/wp\/v2\/users\/2"}],"replies":[{"embeddable":true,"href":"https:\/\/www.fischereiverein-hallein.at\/www.fischereiverein-hallein.at\/wp-json\/wp\/v2\/comments?post=308"}],"version-history":[{"count":3,"href":"https:\/\/www.fischereiverein-hallein.at\/www.fischereiverein-hallein.at\/wp-json\/wp\/v2\/pages\/308\/revisions"}],"predecessor-version":[{"id":573,"href":"https:\/\/www.fischereiverein-hallein.at\/www.fischereiverein-hallein.at\/wp-json\/wp\/v2\/pages\/308\/revisions\/573"}],"wp:attachment":[{"href":"https:\/\/www.fischereiverein-hallein.at\/www.fischereiverein-hallein.at\/wp-json\/wp\/v2\/media?parent=308"}],"curies":[{"name":"wp","href":"https:\/\/api.w.org\/{rel}","templated":true}]}}