{"id":302,"date":"2020-11-14T17:55:11","date_gmt":"2020-11-14T16:55:11","guid":{"rendered":"https:\/\/www.fischereiverein-hallein.at\/www.fischereiverein-hallein.at\/?page_id=302"},"modified":"2021-03-14T14:04:23","modified_gmt":"2021-03-14T13:04:23","slug":"haeufig-gestellte-fragen","status":"publish","type":"page","link":"https:\/\/www.fischereiverein-hallein.at\/www.fischereiverein-hallein.at\/haeufig-gestellte-fragen\/","title":{"rendered":"H\u00e4ufig gestellte Fragen"},"content":{"rendered":"\n<p><\/p>\n\n\n\n<ul class=\"wp-block-list\"><li><strong>Kann ich auch eine Jahreskarte erhalten, wenn ich nicht in Hallein wohne?<\/strong><br><br>Ja, das ist m\u00f6glich. Nur die Karte f\u00fcr die &#8220;Salzach Hallein&#8221; unterliegt einem Kontingent.<br><br><\/li><li><strong>Brauche ich f\u00fcr eine Tageskarte eine Fischerpr\u00fcfung?<\/strong><br><br>Nein, aber trotzdem sind die Bestimmungen f\u00fcr eine waidgerechte Fischerei einzuhalten.<\/li><\/ul>\n\n\n\n<ul class=\"wp-block-list\"><li><strong>Kann ich mehrere Jahreskarten erwerben?<br><\/strong><br>Ja, aber nicht 2 x die gleiche Jahreskarte.<\/li><\/ul>\n\n\n\n<ul class=\"wp-block-list\"><li><strong>Wenn ich eine Jahreskarte besitze, kann ich zus\u00e4tzlich eine Tageskarte l\u00f6sen?<\/strong><br><br>Ja, das ist m\u00f6glich.<\/li><\/ul>\n\n\n\n<ul class=\"wp-block-list\"><li><strong>Unter welchen Bedingungen d\u00fcrfen Kinder und Jugendliche fischen?<\/strong><br><br>Dazu gibt es ein eigenes Informationsblatt: <a href=\"https:\/\/www.fischereiverein-hallein.at\/www.fischereiverein-hallein.at\/wp-content\/uploads\/2021\/03\/jungfischer-bestimmungen-21-03.pdf\" data-type=\"URL\" data-id=\"https:\/\/www.fischereiverein-hallein.at\/www.fischereiverein-hallein.at\/wp-content\/uploads\/2021\/03\/jungfischer-bestimmungen-21-03.pdf\">Bestimmungen f\u00fcr Jungfischer<\/a><\/li><\/ul>\n","protected":false},"excerpt":{"rendered":"<p>Kann ich auch eine Jahreskarte erhalten, wenn ich nicht in Hallein wohne? Ja, das ist m\u00f6glich. Nur die Karte f\u00fcr die &#8220;Salzach Hallein&#8221; unterliegt einem Kontingent. Brauche ich f\u00fcr eine Tageskarte eine Fischerpr\u00fcfung? Nein, aber trotzdem sind die Bestimmungen f\u00fcr<\/p>\n","protected":false},"author":2,"featured_media":0,"parent":0,"menu_order":0,"comment_status":"closed","ping_status":"closed","template":"","meta":{"footnotes":""},"class_list":["post-302","page","type-page","status-publish","hentry"],"_links":{"self":[{"href":"https:\/\/www.fischereiverein-hallein.at\/www.fischereiverein-hallein.at\/wp-json\/wp\/v2\/pages\/302","targetHints":{"allow":["GET"]}}],"collection":[{"href":"https:\/\/www.fischereiverein-hallein.at\/www.fischereiverein-hallein.at\/wp-json\/wp\/v2\/pages"}],"about":[{"href":"https:\/\/www.fischereiverein-hallein.at\/www.fischereiverein-hallein.at\/wp-json\/wp\/v2\/types\/page"}],"author":[{"embeddable":true,"href":"https:\/\/www.fischereiverein-hallein.at\/www.fischereiverein-hallein.at\/wp-json\/wp\/v2\/users\/2"}],"replies":[{"embeddable":true,"href":"https:\/\/www.fischereiverein-hallein.at\/www.fischereiverein-hallein.at\/wp-json\/wp\/v2\/comments?post=302"}],"version-history":[{"count":8,"href":"https:\/\/www.fischereiverein-hallein.at\/www.fischereiverein-hallein.at\/wp-json\/wp\/v2\/pages\/302\/revisions"}],"predecessor-version":[{"id":1043,"href":"https:\/\/www.fischereiverein-hallein.at\/www.fischereiverein-hallein.at\/wp-json\/wp\/v2\/pages\/302\/revisions\/1043"}],"wp:attachment":[{"href":"https:\/\/www.fischereiverein-hallein.at\/www.fischereiverein-hallein.at\/wp-json\/wp\/v2\/media?parent=302"}],"curies":[{"name":"wp","href":"https:\/\/api.w.org\/{rel}","templated":true}]}}