{"id":282,"date":"2020-11-14T17:45:58","date_gmt":"2020-11-14T16:45:58","guid":{"rendered":"https:\/\/www.fischereiverein-hallein.at\/www.fischereiverein-hallein.at\/?page_id=282"},"modified":"2025-02-07T12:43:02","modified_gmt":"2025-02-07T11:43:02","slug":"jahreskarten","status":"publish","type":"page","link":"https:\/\/www.fischereiverein-hallein.at\/www.fischereiverein-hallein.at\/jahreskarten\/","title":{"rendered":"Jahreskarten 2025"},"content":{"rendered":"\n<p><strong>Um eine Jahreskarte erwerben zu k\u00f6nnen, m\u00fcssen Sie<\/strong><\/p>\n\n\n\n<ul class=\"wp-block-list\">\n<li>die Bef\u00e4higung zum Fischen im Land Salzburg besitzen (Fischerpr\u00fcfung)<\/li>\n\n\n\n<li>die Fischereiumlage an den Landesverband Salzburg bezahlt haben<\/li>\n\n\n\n<li>Mitglied im Fischereiverein Hallein sein und den einmaligen Bruthausbeitrag (150,00 \u20ac) geleistet haben<\/li>\n<\/ul>\n\n\n\n<p>Der Vorstand kann bei Verst\u00f6\u00dfen gegen die Fischereibestimmungen oder bei vereinssch\u00e4dlichem Verhalten jederzeit einen Entzug der Jahreskarte verf\u00fcgen.<br><br><\/p>\n\n\n\n<p><strong>Unsere Jahreskarten:<\/strong><\/p>\n\n\n\n<figure class=\"wp-block-table\"><table><tbody><tr><td><strong>Revier<\/strong><\/td><td class=\"has-text-align-center\" data-align=\"center\"><strong>Tageslimit<\/strong><\/td><td class=\"has-text-align-center\" data-align=\"center\"><strong>Jahreslimit<\/strong><\/td><td class=\"has-text-align-center\" data-align=\"center\"><strong>Preis<\/strong><\/td><\/tr><tr><td>Salzach gesamt<\/td><td class=\"has-text-align-center\" data-align=\"center\">3<\/td><td class=\"has-text-align-center\" data-align=\"center\">60<\/td><td class=\"has-text-align-center\" data-align=\"center\">400,00 \u20ac<\/td><\/tr><tr><td>Salzach gesamt Jugend- und Alterskarte<sup>1)<\/sup><\/td><td class=\"has-text-align-center\" data-align=\"center\">3<\/td><td class=\"has-text-align-center\" data-align=\"center\">30<\/td><td class=\"has-text-align-center\" data-align=\"center\">210,00\u20ac<\/td><\/tr><tr><td>Salzach bei Hallein (kontingentiert)<\/td><td class=\"has-text-align-center\" data-align=\"center\">3<\/td><td class=\"has-text-align-center\" data-align=\"center\">50<\/td><td class=\"has-text-align-center\" data-align=\"center\">270,00 \u20ac<\/td><\/tr><tr><td>Salzach bei Hallein Altersfreikarte (keine Neuausgabe)<\/td><td class=\"has-text-align-center\" data-align=\"center\">3<\/td><td class=\"has-text-align-center\" data-align=\"center\">30<\/td><td class=\"has-text-align-center\" data-align=\"center\">kostenlos<\/td><\/tr><tr><td>Alm Angelrevier<\/td><td class=\"has-text-align-center\" data-align=\"center\">3<\/td><td class=\"has-text-align-center\" data-align=\"center\">50<\/td><td class=\"has-text-align-center\" data-align=\"center\">300,00 \u20ac<\/td><\/tr><tr><td>Alm Angelrevier Jugend- und Alterskarte<sup>1)<\/sup><\/td><td class=\"has-text-align-center\" data-align=\"center\">3<\/td><td class=\"has-text-align-center\" data-align=\"center\">40<\/td><td class=\"has-text-align-center\" data-align=\"center\">170,00\u20ac<\/td><\/tr><tr><td>Alm Fliegenrevier + Angelrevier<\/td><td class=\"has-text-align-center\" data-align=\"center\">3<\/td><td class=\"has-text-align-center\" data-align=\"center\">40<\/td><td class=\"has-text-align-center\" data-align=\"center\">600,00 \u20ac<\/td><\/tr><tr><td>Alm Fliegenrevier + Angelrevier Jugend- und Alterskarte<sup>1)<\/sup><\/td><td class=\"has-text-align-center\" data-align=\"center\">3<\/td><td class=\"has-text-align-center\" data-align=\"center\">30<\/td><td class=\"has-text-align-center\" data-align=\"center\">340,00 \u20ac<\/td><\/tr><\/tbody><\/table><\/figure>\n\n\n\n<p style=\"font-size:12px\"><sup>1)<\/sup> Bezugsberechtigt f\u00fcr Jugend- und Alterskarten sind Mitglieder, welche nach dem 31.12.2006 oder vor dem 1.1.1955 geboren sind<br><br><br><\/p>\n\n\n\n<p><strong>Sonstige Geb\u00fchren in Zusammenhang mit Jahreskarten<\/strong><\/p>\n\n\n\n<figure class=\"wp-block-table\"><table><tbody><tr><td>Bruthausbeitrag einmalig bei der ersten Jahreskarte<\/td><td class=\"has-text-align-center\" data-align=\"center\">200,00 \u20ac<\/td><\/tr><tr><td>Jahreskartenbestellung zwischen 15.12. und 15.1.<\/td><td class=\"has-text-align-center\" data-align=\"center\">kostenlos <\/td><\/tr><tr><td>Jahreskartenbestellung \u00fcbrige Zeit<\/td><td class=\"has-text-align-center\" data-align=\"center\">20,00 \u20ac<\/td><\/tr><tr><td>P\u00f6nale bei nicht abgegebener Jahreskarte (mindestens 40 \u20ac), ausgehend vom Kartenpreis<\/td><td class=\"has-text-align-center\" data-align=\"center\">20 %<\/td><\/tr><tr><td>Geb\u00fchr bei zu sp\u00e4t abgegebenen Jahreskarten<\/td><td class=\"has-text-align-center\" data-align=\"center\">30,00 \u20ac<\/td><\/tr><\/tbody><\/table><\/figure>\n\n\n\n<p><\/p>\n","protected":false},"excerpt":{"rendered":"<p>Um eine Jahreskarte erwerben zu k\u00f6nnen, m\u00fcssen Sie Der Vorstand kann bei Verst\u00f6\u00dfen gegen die Fischereibestimmungen oder bei vereinssch\u00e4dlichem Verhalten jederzeit einen Entzug der Jahreskarte verf\u00fcgen. Unsere Jahreskarten: Revier Tageslimit Jahreslimit Preis Salzach gesamt 3 60 400,00 \u20ac Salzach gesamt<\/p>\n","protected":false},"author":2,"featured_media":0,"parent":0,"menu_order":0,"comment_status":"closed","ping_status":"closed","template":"","meta":{"footnotes":""},"class_list":["post-282","page","type-page","status-publish","hentry"],"_links":{"self":[{"href":"https:\/\/www.fischereiverein-hallein.at\/www.fischereiverein-hallein.at\/wp-json\/wp\/v2\/pages\/282","targetHints":{"allow":["GET"]}}],"collection":[{"href":"https:\/\/www.fischereiverein-hallein.at\/www.fischereiverein-hallein.at\/wp-json\/wp\/v2\/pages"}],"about":[{"href":"https:\/\/www.fischereiverein-hallein.at\/www.fischereiverein-hallein.at\/wp-json\/wp\/v2\/types\/page"}],"author":[{"embeddable":true,"href":"https:\/\/www.fischereiverein-hallein.at\/www.fischereiverein-hallein.at\/wp-json\/wp\/v2\/users\/2"}],"replies":[{"embeddable":true,"href":"https:\/\/www.fischereiverein-hallein.at\/www.fischereiverein-hallein.at\/wp-json\/wp\/v2\/comments?post=282"}],"version-history":[{"count":15,"href":"https:\/\/www.fischereiverein-hallein.at\/www.fischereiverein-hallein.at\/wp-json\/wp\/v2\/pages\/282\/revisions"}],"predecessor-version":[{"id":1349,"href":"https:\/\/www.fischereiverein-hallein.at\/www.fischereiverein-hallein.at\/wp-json\/wp\/v2\/pages\/282\/revisions\/1349"}],"wp:attachment":[{"href":"https:\/\/www.fischereiverein-hallein.at\/www.fischereiverein-hallein.at\/wp-json\/wp\/v2\/media?parent=282"}],"curies":[{"name":"wp","href":"https:\/\/api.w.org\/{rel}","templated":true}]}}