{"id":114,"date":"2020-11-11T18:13:29","date_gmt":"2020-11-11T17:13:29","guid":{"rendered":"https:\/\/www.fischereiverein-hallein.at\/www.fischereiverein-hallein.at\/?page_id=114"},"modified":"2025-12-30T14:48:01","modified_gmt":"2025-12-30T13:48:01","slug":"vorstand","status":"publish","type":"page","link":"https:\/\/www.fischereiverein-hallein.at\/www.fischereiverein-hallein.at\/vorstand\/","title":{"rendered":"Vorstand"},"content":{"rendered":"\n<p><strong>Der aktuelle Vorstand wurde in der Generalversammlung vom 24. November 2023  f\u00fcr vier Jahre gew\u00e4hlt, die Funktionen wurden in der Vorstandssitzung am 12.12.2023 neu gew\u00e4hlt und nach dem Ausscheiden zweier Mitglieder am 31.08.2024 in der Vorstandssitzung vom 4. Februar 2025 wie folgt neu gew\u00e4hlt:<\/strong><br><br><strong>Aktualisierung ab 7.2.2025<\/strong>:<\/p>\n\n\n\n<p><strong>Christian Watzal, Obmann<\/strong><br>Vertretung des Vereins nach Au\u00dfen, Beh\u00f6rdenkontakt, Druckprodukte, Versand, EDV, Homepage<br><a href=\"mailto:buero@fischereiverein-hallein.at\">watzal@fischereiverein-hallein.at<\/a> an Christian Watzal<\/p>\n\n\n\n<p><strong>Dr. Gerhard Angerer, Kassier, Obmann Stellvertreter<\/strong><br>Finanzen, Mitgliederverwaltung, EDV, Soziale Medien<br><a href=\"mailto:angerer@fischereiverein-hallein.at\" data-type=\"mailto\" data-id=\"mailto:angerer@fischereiverein-hallein.at\">angerer@fischereiverein-hallein.at<\/a> an Gerhard Angerer<\/p>\n\n\n\n<p><strong>Christian Rumplmayr, Schriftf\u00fchrer<\/strong><br>Gew\u00e4sser, Jahreskarten und Tageskarten<br><a href=\"mailto:rumplmayr@fischereiverein-hallein.at\" data-type=\"mailto\" data-id=\"mailto:rumplmayr@fischereiverein-hallein.at\">rumplmayr@fischereiverein-hallein.at<\/a> an Christian Rumplmayr<\/p>\n\n\n\n<p><strong>Mag. Walter Vaupel, Schriftf\u00fchrer Stellvertreter<\/strong><br>Vereinszeitung, Jahreskartenausgabe, Div. Statistiken, Fischereiaufsicht<br><a href=\"mailto:vaupel@fischereiverein-hallein.at\" data-type=\"mailto\" data-id=\"mailto:vaupel@fischereiverein-hallein.at\">vaupel@fischereiverein-hallein.at<\/a> an Walter Vaupel<\/p>\n\n\n\n<p><strong>Harald Blineder<\/strong><br>Leiter der Fischzucht, Besatz, Anlagenbau und Betreuung, Vereinsheim<br><a href=\"mailto:blineder@fischereiverein-hallein.at\" data-type=\"mailto\" data-id=\"mailto:blineder@fischereiverein-hallein.at\">blineder@fischereiverein-hallein.at<\/a> an Harald Blineder<\/p>\n\n\n\n<p><strong>Florian Held<\/strong>, <strong>Kassier Stellvertreter<\/strong><br>Mitgliederverwaltung<br><a href=\"mailto:held@fischereiverein-hallein.at\">held@fischereiverein-hallein.at<\/a> an Florian Held<\/p>\n\n\n\n<p><\/p>\n\n\n\n<p><\/p>\n\n\n\n<p><\/p>\n\n\n\n<p><\/p>\n","protected":false},"excerpt":{"rendered":"<p>Der aktuelle Vorstand wurde in der Generalversammlung vom 24. November 2023 f\u00fcr vier Jahre gew\u00e4hlt, die Funktionen wurden in der Vorstandssitzung am 12.12.2023 neu gew\u00e4hlt und nach dem Ausscheiden zweier Mitglieder am 31.08.2024 in der Vorstandssitzung vom 4. Februar 2025<\/p>\n","protected":false},"author":2,"featured_media":0,"parent":0,"menu_order":0,"comment_status":"closed","ping_status":"closed","template":"","meta":{"footnotes":""},"class_list":["post-114","page","type-page","status-publish","hentry"],"_links":{"self":[{"href":"https:\/\/www.fischereiverein-hallein.at\/www.fischereiverein-hallein.at\/wp-json\/wp\/v2\/pages\/114","targetHints":{"allow":["GET"]}}],"collection":[{"href":"https:\/\/www.fischereiverein-hallein.at\/www.fischereiverein-hallein.at\/wp-json\/wp\/v2\/pages"}],"about":[{"href":"https:\/\/www.fischereiverein-hallein.at\/www.fischereiverein-hallein.at\/wp-json\/wp\/v2\/types\/page"}],"author":[{"embeddable":true,"href":"https:\/\/www.fischereiverein-hallein.at\/www.fischereiverein-hallein.at\/wp-json\/wp\/v2\/users\/2"}],"replies":[{"embeddable":true,"href":"https:\/\/www.fischereiverein-hallein.at\/www.fischereiverein-hallein.at\/wp-json\/wp\/v2\/comments?post=114"}],"version-history":[{"count":31,"href":"https:\/\/www.fischereiverein-hallein.at\/www.fischereiverein-hallein.at\/wp-json\/wp\/v2\/pages\/114\/revisions"}],"predecessor-version":[{"id":1423,"href":"https:\/\/www.fischereiverein-hallein.at\/www.fischereiverein-hallein.at\/wp-json\/wp\/v2\/pages\/114\/revisions\/1423"}],"wp:attachment":[{"href":"https:\/\/www.fischereiverein-hallein.at\/www.fischereiverein-hallein.at\/wp-json\/wp\/v2\/media?parent=114"}],"curies":[{"name":"wp","href":"https:\/\/api.w.org\/{rel}","templated":true}]}}