{"id":110,"date":"2020-11-11T18:10:58","date_gmt":"2020-11-11T17:10:58","guid":{"rendered":"https:\/\/www.fischereiverein-hallein.at\/www.fischereiverein-hallein.at\/?page_id=110"},"modified":"2025-02-18T15:01:43","modified_gmt":"2025-02-18T14:01:43","slug":"vereinsheim","status":"publish","type":"page","link":"https:\/\/www.fischereiverein-hallein.at\/www.fischereiverein-hallein.at\/vereinsheim\/","title":{"rendered":"Vereinsheim"},"content":{"rendered":"\n<p><\/p>\n\n\n\n<p>Das Vereinsheim ist  im Halleiner Stadtteil Gamp situiert. Wir haben dort unser B\u00fcro, die Kantine und eine kleine Werkstatt eingerichtet. Das B\u00fcro ist nur zu den Zeiten besetzt, welche im Kalender angegeben sind. Sie k\u00f6nnen aber jederzeit unter +43 664 5733965 einen Termin vereinbaren.<\/p>\n\n\n\n<p><strong>\u00d6ffnungszeiten Kantine (nur f\u00fcr Mitglieder):<\/strong><\/p>\n\n\n\n<ul class=\"wp-block-list\">\n<li>Mittwoch: 17:00 -20:00 Uhr<\/li>\n\n\n\n<li>jeden 1. Samstag im Monat: 9:00 -12:00 Uhr<\/li>\n\n\n\n<li>Sonntag:9:00 -12:00 Uhr (Weihnachtstag 25.12.22 und Neujahrstag 1.1.23 geschlossen!!)<\/li>\n<\/ul>\n\n\n\n<p>Die Kantine steht den Mitgliedern des FVH zur Verf\u00fcgung, die Preise f\u00fcr Getr\u00e4nke sind sehr moderat. Bitte beachten Sie auch die Ank\u00fcndigungen im Kalender bez\u00fcglich Veranstaltungen. <strong>Jeden ersten Samstag im Monat werden Fische ger\u00e4uchert. Bestellungen bitte unter +43 664 5733965 oder per e-mail bis Mittwoch davor.<\/strong><\/p>\n\n\n\n<p><\/p>\n","protected":false},"excerpt":{"rendered":"<p>Das Vereinsheim ist im Halleiner Stadtteil Gamp situiert. Wir haben dort unser B\u00fcro, die Kantine und eine kleine Werkstatt eingerichtet. Das B\u00fcro ist nur zu den Zeiten besetzt, welche im Kalender angegeben sind. Sie k\u00f6nnen aber jederzeit unter +43 664<\/p>\n","protected":false},"author":2,"featured_media":0,"parent":0,"menu_order":0,"comment_status":"closed","ping_status":"closed","template":"","meta":{"footnotes":""},"class_list":["post-110","page","type-page","status-publish","hentry"],"_links":{"self":[{"href":"https:\/\/www.fischereiverein-hallein.at\/www.fischereiverein-hallein.at\/wp-json\/wp\/v2\/pages\/110","targetHints":{"allow":["GET"]}}],"collection":[{"href":"https:\/\/www.fischereiverein-hallein.at\/www.fischereiverein-hallein.at\/wp-json\/wp\/v2\/pages"}],"about":[{"href":"https:\/\/www.fischereiverein-hallein.at\/www.fischereiverein-hallein.at\/wp-json\/wp\/v2\/types\/page"}],"author":[{"embeddable":true,"href":"https:\/\/www.fischereiverein-hallein.at\/www.fischereiverein-hallein.at\/wp-json\/wp\/v2\/users\/2"}],"replies":[{"embeddable":true,"href":"https:\/\/www.fischereiverein-hallein.at\/www.fischereiverein-hallein.at\/wp-json\/wp\/v2\/comments?post=110"}],"version-history":[{"count":27,"href":"https:\/\/www.fischereiverein-hallein.at\/www.fischereiverein-hallein.at\/wp-json\/wp\/v2\/pages\/110\/revisions"}],"predecessor-version":[{"id":1368,"href":"https:\/\/www.fischereiverein-hallein.at\/www.fischereiverein-hallein.at\/wp-json\/wp\/v2\/pages\/110\/revisions\/1368"}],"wp:attachment":[{"href":"https:\/\/www.fischereiverein-hallein.at\/www.fischereiverein-hallein.at\/wp-json\/wp\/v2\/media?parent=110"}],"curies":[{"name":"wp","href":"https:\/\/api.w.org\/{rel}","templated":true}]}}